{"id":10,"date":"2024-05-02T06:02:39","date_gmt":"2024-05-02T06:02:39","guid":{"rendered":"https:\/\/kreisseglerverband-dithmarschen.de\/?page_id=10"},"modified":"2025-12-21T11:03:34","modified_gmt":"2025-12-21T11:03:34","slug":"kreisseglerverband-dithmarschen","status":"publish","type":"page","link":"https:\/\/kreisseglerverband-dithmarschen.de\/","title":{"rendered":"Kreisseglerverband Dithmarschen"},"content":{"rendered":"\n<div class=\"wp-block-group alignfull has-global-padding is-layout-constrained wp-container-core-group-is-layout-a020f22b wp-block-group-is-layout-constrained\" style=\"margin-top:var(--wp--preset--spacing--20);margin-bottom:var(--wp--preset--spacing--20);padding-top:var(--wp--preset--spacing--40);padding-right:var(--wp--preset--spacing--20);padding-bottom:var(--wp--preset--spacing--40);padding-left:var(--wp--preset--spacing--20)\">\n<div class=\"wp-block-group has-global-padding is-layout-constrained wp-container-core-group-is-layout-650790e1 wp-block-group-is-layout-constrained\">\n<h1 class=\"wp-block-heading has-text-align-center has-x-large-font-size\">Das Zuhause der Wassersportvereine in Dithmarschen<\/h1>\n\n\n\n<figure class=\"wp-block-image alignwide size-full is-style-default\"><img loading=\"lazy\" decoding=\"async\" width=\"426\" height=\"640\" src=\"https:\/\/kreisseglerverband-dithmarschen.de\/wp-content\/uploads\/2024\/04\/sailing-ship-7603900_1280-1-edited.jpg\" alt=\"\" class=\"wp-image-15\" srcset=\"https:\/\/kreisseglerverband-dithmarschen.de\/wp-content\/uploads\/2024\/04\/sailing-ship-7603900_1280-1-edited.jpg 426w, https:\/\/kreisseglerverband-dithmarschen.de\/wp-content\/uploads\/2024\/04\/sailing-ship-7603900_1280-1-edited-200x300.jpg 200w\" sizes=\"auto, (max-width: 426px) 100vw, 426px\" \/><\/figure>\n\n\n\n<p><\/p>\n\n\n\n<div style=\"height:1.25rem\" aria-hidden=\"true\" class=\"wp-block-spacer\"><\/div>\n\n\n\n<p class=\"has-text-align-center\">im Landessportverband Schleswig Holstein<\/p>\n\n\n\n<div style=\"height:1.25rem\" aria-hidden=\"true\" class=\"wp-block-spacer\"><\/div>\n<\/div>\n\n\n\n<div style=\"height:var(--wp--preset--spacing--30)\" aria-hidden=\"true\" class=\"wp-block-spacer\"><\/div>\n<\/div>\n\n\n\n<div class=\"wp-block-group alignwide has-global-padding is-layout-constrained wp-block-group-is-layout-constrained\">\n<div class=\"wp-block-group alignfull has-base-2-background-color has-background has-global-padding is-layout-constrained wp-container-core-group-is-layout-669513ed wp-block-group-is-layout-constrained\" style=\"margin-top:0;margin-bottom:0;padding-top:var(--wp--preset--spacing--50);padding-right:var(--wp--preset--spacing--50);padding-bottom:var(--wp--preset--spacing--50);padding-left:var(--wp--preset--spacing--50)\">\n<div class=\"wp-block-group is-vertical is-content-justification-center is-layout-flex wp-container-core-group-is-layout-52b864f0 wp-block-group-is-layout-flex\">\n<h2 class=\"wp-block-heading has-text-align-center is-style-asterisk\">Die Vereine<\/h2>\n\n\n\n<div style=\"height:0px\" aria-hidden=\"true\" class=\"wp-block-spacer wp-container-content-4f2ccadb\"><\/div>\n\n\n\n<p class=\"has-text-align-center\">Alle Details gibt es bei den Vereinen direkt auf der Homepage<\/p>\n<\/div>\n\n\n\n<div style=\"margin-top:0;margin-bottom:0;height:var(--wp--preset--spacing--40)\" aria-hidden=\"true\" class=\"wp-block-spacer\"><\/div>\n\n\n\n<div class=\"wp-block-columns alignwide is-layout-flex wp-container-core-columns-is-layout-d0bbbce0 wp-block-columns-is-layout-flex\">\n<div class=\"wp-block-column is-layout-flow wp-container-core-column-is-layout-e3d1c41b wp-block-column-is-layout-flow\">\n<h3 class=\"wp-block-heading has-text-align-left is-style-asterisk has-body-font-family has-medium-font-size\" style=\"font-style:normal;font-weight:600\">Seglervereinigung Brunsb\u00fcttel<\/h3>\n\n\n\n<p class=\"has-text-align-left\"><a href=\"http:\/\/svb-bru.de\">Zur Homepage<\/a><\/p>\n\n\n\n<p><\/p>\n<\/div>\n\n\n\n<div class=\"wp-block-column is-layout-flow wp-container-core-column-is-layout-e3d1c41b wp-block-column-is-layout-flow\">\n<h3 class=\"wp-block-heading has-text-align-left is-style-asterisk has-body-font-family has-medium-font-size\" style=\"font-style:normal;font-weight:600\">B\u00fcsumer Seglerverein e.V.<\/h3>\n\n\n\n<p class=\"has-text-align-left\"><a href=\"https:\/\/www.bsv-buesum.de\/\">Zur Homepage<\/a><\/p>\n<\/div>\n\n\n\n<div class=\"wp-block-column is-layout-flow wp-container-core-column-is-layout-e3d1c41b wp-block-column-is-layout-flow\">\n<h3 class=\"wp-block-heading has-text-align-left is-style-asterisk has-body-font-family has-medium-font-size\" style=\"font-style:normal;font-weight:600\">Meldorfer Seglerverein e.V.<\/h3>\n\n\n\n<p class=\"has-text-align-left\"><a href=\"https:\/\/www.meldorferseglerverein.de\/\">Zur Homepage<\/a><\/p>\n<\/div>\n<\/div>\n\n\n\n<div style=\"height:var(--wp--preset--spacing--20)\" aria-hidden=\"true\" class=\"wp-block-spacer\"><\/div>\n\n\n\n<div class=\"wp-block-columns alignwide is-layout-flex wp-container-core-columns-is-layout-d0bbbce0 wp-block-columns-is-layout-flex\">\n<div class=\"wp-block-column is-layout-flow wp-container-core-column-is-layout-e3d1c41b wp-block-column-is-layout-flow\">\n<h3 class=\"wp-block-heading has-text-align-left is-style-asterisk has-body-font-family has-medium-font-size\" style=\"font-style:normal;font-weight:600\">Postsportverein Heide e.V. Segelabt.<\/h3>\n\n\n\n<p class=\"has-text-align-left\"><a href=\"https:\/\/postsv-heide.de\/sportarten\/outdoorsport\/segeln\/\">Zur Homepage<\/a><\/p>\n<\/div>\n\n\n\n<div class=\"wp-block-column is-layout-flow wp-container-core-column-is-layout-e3d1c41b wp-block-column-is-layout-flow\">\n<h3 class=\"wp-block-heading has-text-align-left is-style-asterisk has-body-font-family has-medium-font-size\" style=\"font-style:normal;font-weight:600\">Seesportclub B\u00fcsum e.V.<\/h3>\n\n\n\n<p class=\"has-text-align-left\">Kontakt. Tel.: 04834-8820<br><a href=\"mailto:%20h.j.fohrmann@gmx.de\">h.j.fohrmann@gmx.de<\/a><\/p>\n<\/div>\n\n\n\n<div class=\"wp-block-column is-layout-flow wp-container-core-column-is-layout-e3d1c41b wp-block-column-is-layout-flow\">\n<h3 class=\"wp-block-heading has-text-align-left is-style-asterisk has-body-font-family has-medium-font-size\" style=\"font-style:normal;font-weight:600\">Seesportverein Meldorf e.V.<\/h3>\n\n\n\n<p class=\"has-text-align-left\"><a href=\"https:\/\/www.ssv-meldorf.de\/\">Zur Homepage<\/a><\/p>\n<\/div>\n<\/div>\n\n\n\n<div class=\"wp-block-columns alignwide is-layout-flex wp-container-core-columns-is-layout-d0bbbce0 wp-block-columns-is-layout-flex\">\n<div class=\"wp-block-column is-layout-flow wp-container-core-column-is-layout-e3d1c41b wp-block-column-is-layout-flow\">\n<h3 class=\"wp-block-heading has-text-align-left is-style-asterisk has-body-font-family has-medium-font-size\" style=\"font-style:normal;font-weight:600\">Segelverein Eiderdamm e.V.<\/h3>\n\n\n\n<p class=\"has-text-align-left\"><a href=\"https:\/\/segelverein-eiderdamm.de\/\">Zur Homepage<\/a><\/p>\n<\/div>\n\n\n\n<div class=\"wp-block-column is-layout-flow wp-container-core-column-is-layout-e3d1c41b wp-block-column-is-layout-flow\">\n<h3 class=\"wp-block-heading has-text-align-left is-style-asterisk has-body-font-family has-medium-font-size\" style=\"font-style:normal;font-weight:600\">Sportboot-Club Friedrichskoog e.V.<\/h3>\n\n\n\n<p class=\"has-text-align-left\"><a href=\"http:\/\/www.sbc-friedrichskoog.de\">Zur Homepage<\/a><\/p>\n<\/div>\n\n\n\n<div class=\"wp-block-column is-layout-flow wp-container-core-column-is-layout-e3d1c41b wp-block-column-is-layout-flow\">\n<h3 class=\"wp-block-heading has-text-align-left is-style-asterisk has-body-font-family has-medium-font-size\" style=\"font-style:normal;font-weight:600\">Sportbootclub Neufeld e.V.<\/h3>\n\n\n\n<p class=\"has-text-align-left\"><a href=\"https:\/\/sbc-neufeld.de\/\">Zur Homepage<\/a><\/p>\n<\/div>\n<\/div>\n\n\n\n<div class=\"wp-block-columns alignwide is-layout-flex wp-container-core-columns-is-layout-d0bbbce0 wp-block-columns-is-layout-flex\">\n<div class=\"wp-block-column is-layout-flow wp-container-core-column-is-layout-e3d1c41b wp-block-column-is-layout-flow\">\n<p class=\"has-text-align-left\"><\/p>\n<\/div>\n<\/div>\n<\/div>\n<\/div>\n\n\n\n<div class=\"wp-block-group has-global-padding is-layout-constrained wp-block-group-is-layout-constrained\">\n<h2 class=\"wp-block-heading\">Impressum:<\/h2>\n\n\n\n<p>Kreisseglerverband DIthmarschen <\/p>\n\n\n\n<p>im <a href=\"https:\/\/ksv-hei.de\/\">Kreissportverband Dithmarschen<\/a>, <\/p>\n\n\n\n<p>Waldschl\u00f6\u00dfchenstrasse 39&nbsp;<br>25746 Heide<\/p>\n\n\n\n<p><br><\/p>\n\n\n\n<h3 class=\"wp-block-heading\" id=\"m56\">Kontaktm\u00f6glichkeiten<\/h3>\n\n\n\n<p>E-Mail-Adresse:  <a href=\"mailto:Kboehlke@t-online.de\">Kboehlke@t-online.de<\/a>   04834 9679530<\/p>\n\n\n\n<h3 class=\"wp-block-heading\" id=\"m153\">Vertretungsberechtigte Personen<\/h3>\n\n\n\n<p>Vertretungsberechtigt: 1. Vorsitzender Klaus B\u00f6hlke , <\/p>\n\n\n\n<p><a href=\"mailto:Kboehlke@t-online.de\">Kboehlke@t-online.de<\/a>   04834 9679530<\/p>\n\n\n\n<h3 class=\"wp-block-heading\" id=\"m154\">Journalistisch-redaktionelle Angebote<\/h3>\n\n\n\n<p>Inhaltlich verantwortlich: <\/p>\n\n\n\n<p>1. Vorsitzender Klaus B\u00f6hlke , <\/p>\n\n\n\n<p><a href=\"mailto:Kboehlke@t-online.de\">Kboehlke@t-online.de<\/a>   04834 9679530<\/p>\n\n\n\n<h3 class=\"wp-block-heading\" id=\"m65\">Haftungs- und Schutzrechtshinweise<\/h3>\n\n\n\n<p>Haftungsausschluss: Die Inhalte dieses Onlineangebotes wurden sorgf\u00e4ltig und nach unserem aktuellen Kenntnisstand erstellt, dienen jedoch nur der Information und entfalten keine rechtlich bindende Wirkung, sofern es sich nicht um gesetzlich verpflichtende Informationen (z.&nbsp;B. das Impressum, die Datenschutzerkl\u00e4rung, AGB oder verpflichtende Belehrungen von Verbrauchern) handelt. Wir behalten uns vor, die Inhalte vollst\u00e4ndig oder teilweise zu \u00e4ndern oder zu l\u00f6schen, soweit vertragliche Verpflichtungen unber\u00fchrt bleiben. Alle Angebote sind freibleibend und unverbindlich.<\/p>\n\n\n\n<p>Links auf fremde Webseiten: Die Inhalte fremder Webseiten, auf die wir direkt oder indirekt verweisen, liegen au\u00dferhalb unseres Verantwortungsbereiches und wir machen sie uns nicht zu Eigen. F\u00fcr alle Inhalte und Nachteile, die aus der Nutzung der in den verlinkten Webseiten aufrufbaren Informationen entstehen, \u00fcbernehmen wir keine Verantwortung.<\/p>\n\n\n\n<p>Urheberrechte und Markenrechte: Alle auf dieser Website dargestellten Inhalte, wie Texte, Fotografien, Grafiken, Marken und Warenzeichen sind durch die jeweiligen Schutzrechte (Urheberrechte, Markenrechte) gesch\u00fctzt. Die Verwendung, Vervielf\u00e4ltigung usw. unterliegen unseren Rechten oder den Rechten der jeweiligen Urheber bzw. Rechteinhaber.<\/p>\n\n\n\n<p>Hinweise auf Rechtsverst\u00f6\u00dfe: Sollten Sie innerhalb unseres Internetauftritts Rechtsverst\u00f6\u00dfe bemerken, bitten wir Sie uns auf diese hinzuweisen. Wir werden rechtswidrige Inhalte und Links nach Kenntnisnahme unverz\u00fcglich entfernen.<\/p>\n<\/div>\n","protected":false},"excerpt":{"rendered":"<p>Das Zuhause der Wassersportvereine in Dithmarschen im Landessportverband Schleswig Holstein Die Vereine Alle Details gibt es bei den Vereinen direkt auf der Homepage Seglervereinigung Brunsb\u00fcttel Zur Homepage B\u00fcsumer Seglerverein e.V. Zur Homepage Meldorfer Seglerverein e.V. Zur Homepage Postsportverein Heide e.V. Segelabt. Zur Homepage Seesportclub B\u00fcsum e.V. Kontakt. Tel.: 04834-8820h.j.fohrmann@gmx.de Seesportverein Meldorf e.V. Zur Homepage Segelverein [&hellip;]<\/p>\n","protected":false},"author":2,"featured_media":0,"parent":0,"menu_order":0,"comment_status":"closed","ping_status":"closed","template":"","meta":{"footnotes":""},"class_list":["post-10","page","type-page","status-publish","hentry"],"_links":{"self":[{"href":"https:\/\/kreisseglerverband-dithmarschen.de\/index.php?rest_route=\/wp\/v2\/pages\/10","targetHints":{"allow":["GET"]}}],"collection":[{"href":"https:\/\/kreisseglerverband-dithmarschen.de\/index.php?rest_route=\/wp\/v2\/pages"}],"about":[{"href":"https:\/\/kreisseglerverband-dithmarschen.de\/index.php?rest_route=\/wp\/v2\/types\/page"}],"author":[{"embeddable":true,"href":"https:\/\/kreisseglerverband-dithmarschen.de\/index.php?rest_route=\/wp\/v2\/users\/2"}],"replies":[{"embeddable":true,"href":"https:\/\/kreisseglerverband-dithmarschen.de\/index.php?rest_route=%2Fwp%2Fv2%2Fcomments&post=10"}],"version-history":[{"count":13,"href":"https:\/\/kreisseglerverband-dithmarschen.de\/index.php?rest_route=\/wp\/v2\/pages\/10\/revisions"}],"predecessor-version":[{"id":31,"href":"https:\/\/kreisseglerverband-dithmarschen.de\/index.php?rest_route=\/wp\/v2\/pages\/10\/revisions\/31"}],"wp:attachment":[{"href":"https:\/\/kreisseglerverband-dithmarschen.de\/index.php?rest_route=%2Fwp%2Fv2%2Fmedia&parent=10"}],"curies":[{"name":"wp","href":"https:\/\/api.w.org\/{rel}","templated":true}]}}